{"id":18709,"date":"2024-03-26T11:50:01","date_gmt":"2024-03-26T11:50:01","guid":{"rendered":"https:\/\/www.signl4.com\/partnerprogramm\/"},"modified":"2025-09-05T14:12:13","modified_gmt":"2025-09-05T14:12:13","slug":"partnerprogramm","status":"publish","type":"page","link":"https:\/\/www.signl4.com\/de\/partnerprogramm\/","title":{"rendered":"Partnerprogramm"},"content":{"rendered":"<p>[et_pb_section fb_built=&#8220;1&#8243; next_background_color=&#8220;#000000&#8243; admin_label=&#8220;Hero Section&#8220; _builder_version=&#8220;4.27.4&#8243; background_color=&#8220;#000000&#8243; background_image=&#8220;https:\/\/www.signl4.com\/wp-content\/uploads\/2019\/06\/referrals.jpg&#8220; custom_padding=&#8220;100px|0px|150px|0px||&#8220; bottom_divider_style=&#8220;wave2&#8243; hover_enabled=&#8220;0&#8243; global_colors_info=&#8220;{}&#8220; background_last_edited=&#8220;on|phone&#8220; background_color_phone=&#8220;RGBA(255,255,255,0)&#8220; background_enable_color_phone=&#8220;on&#8220; background_enable_image_phone=&#8220;off&#8220; custom_padding_last_edited=&#8220;on|phone&#8220; custom_padding_phone=&#8220;20px|0px|0px|0px|false|false&#8220; sticky_enabled=&#8220;0&#8243; custom_padding_tablet=&#8220;100px|0px|150px|0px||&#8220;][et_pb_row disabled_on=&#8220;off|on|on&#8220; _builder_version=&#8220;4.27.4&#8243; _module_preset=&#8220;default&#8220; background_image=&#8220;https:\/\/www.signl4.com\/wp-content\/uploads\/2019\/06\/referrals.jpg&#8220; min_height_tablet=&#8220;&#8220; min_height_phone=&#8220;150px&#8220; min_height_last_edited=&#8220;on|phone&#8220; border_radii=&#8220;off|25px|25px||&#8220; locked=&#8220;off&#8220; global_colors_info=&#8220;{}&#8220;][et_pb_column type=&#8220;4_4&#8243; _builder_version=&#8220;4.27.4&#8243; _module_preset=&#8220;default&#8220; global_colors_info=&#8220;{}&#8220;][\/et_pb_column][\/et_pb_row][et_pb_row column_structure=&#8220;1_2,1_2&#8243; _builder_version=&#8220;4.27.4&#8243; background_size=&#8220;initial&#8220; background_position=&#8220;top_left&#8220; background_repeat=&#8220;repeat&#8220; custom_margin=&#8220;|||&#8220; custom_padding=&#8220;0px||0px|||&#8220; hover_enabled=&#8220;0&#8243; global_colors_info=&#8220;{}&#8220; sticky_enabled=&#8220;0&#8243; custom_padding_last_edited=&#8220;on|phone&#8220; custom_padding_phone=&#8220;0px||50px||false|false&#8220; custom_padding_tablet=&#8220;0px||0px|||&#8220;][et_pb_column type=&#8220;1_2&#8243; _builder_version=&#8220;4.27.4&#8243; background_color=&#8220;#182534&#8243; custom_padding=&#8220;50px|50px|50px|50px|false|false&#8220; filter_opacity=&#8220;85%&#8220; hover_enabled=&#8220;0&#8243; border_radii=&#8220;on|25px|25px|25px|25px&#8220; global_colors_info=&#8220;{}&#8220; custom_padding__hover=&#8220;|||&#8220; border_radii_last_edited=&#8220;on|phone&#8220; border_radii_phone=&#8220;off|0px|0px|25px|25px&#8220; sticky_enabled=&#8220;0&#8243; border_radii_tablet=&#8220;on|25px|25px|25px|25px&#8220;][et_pb_text _builder_version=&#8220;4.27.4&#8243; text_font=&#8220;PT Sans||||||||&#8220; text_text_color=&#8220;rgba(255,255,255,0.7)&#8220; text_font_size=&#8220;18px&#8220; text_line_height=&#8220;1.8em&#8220; header_font=&#8220;Poppins|500|||||||&#8220; header_font_size=&#8220;44px&#8220; header_line_height=&#8220;1.3em&#8220; header_2_font=&#8220;||||||||&#8220; header_3_font=&#8220;||||||||&#8220; header_4_font=&#8220;||||||||&#8220; text_orientation=&#8220;center&#8220; background_layout=&#8220;dark&#8220; max_width=&#8220;700px&#8220; module_alignment=&#8220;center&#8220; hover_enabled=&#8220;0&#8243; global_colors_info=&#8220;{}&#8220; header_font_size_last_edited=&#8220;on|phone&#8220; header_font_size_phone=&#8220;34px&#8220; sticky_enabled=&#8220;0&#8243; header_font_size_tablet=&#8220;44px&#8220;]<\/p>\n<h1 style=\"text-align: left;\">SIGNL4 Partner Programm<\/h1>\n<p style=\"text-align: left;\">Profitiere von einem etablierten und schnell wachsenden Produkt im Bereich der Automatisierung und Mobilit\u00e4t<\/p>\n<p>[\/et_pb_text][\/et_pb_column][et_pb_column type=&#8220;1_2&#8243; _builder_version=&#8220;4.27.4&#8243; custom_padding=&#8220;40px|||&#8220; hover_enabled=&#8220;0&#8243; global_colors_info=&#8220;{}&#8220; custom_padding__hover=&#8220;|||&#8220; sticky_enabled=&#8220;0&#8243;][\/et_pb_column][\/et_pb_row][\/et_pb_section][et_pb_section fb_built=&#8220;1&#8243; admin_label=&#8220;Why our company&#8220; _builder_version=&#8220;4.27.4&#8243; background_color=&#8220;#000000&#8243; custom_padding=&#8220;100px|0px|100px|0px|true|&#8220; hover_enabled=&#8220;0&#8243; global_colors_info=&#8220;{}&#8220; custom_padding_last_edited=&#8220;on|phone&#8220; custom_padding_phone=&#8220;0px||||false|false&#8220; sticky_enabled=&#8220;0&#8243; custom_padding_tablet=&#8220;100px|0px|100px|0px|true|&#8220;][et_pb_row column_structure=&#8220;1_3,2_3&#8243; _builder_version=&#8220;4.24.2&#8243; background_color=&#8220;#182534&#8243; custom_padding=&#8220;50px|50px|50px|50px|false|false&#8220; hover_enabled=&#8220;0&#8243; border_radii=&#8220;on|25px|25px|25px|25px&#8220; global_colors_info=&#8220;{}&#8220; sticky_enabled=&#8220;0&#8243;][et_pb_column type=&#8220;1_3&#8243; _builder_version=&#8220;4.16&#8243; custom_padding=&#8220;|||&#8220; global_colors_info=&#8220;{}&#8220; custom_padding__hover=&#8220;|||&#8220;][et_pb_text _builder_version=&#8220;4.27.4&#8243; text_font=&#8220;||||||||&#8220; header_font=&#8220;||||||||&#8220; header_2_font=&#8220;Poppins|500|||||||&#8220; header_2_font_size=&#8220;38px&#8220; header_2_line_height=&#8220;1.3em&#8220; header_3_font=&#8220;||||||||&#8220; header_4_font=&#8220;||||||||&#8220; background_layout=&#8220;dark&#8220; hover_enabled=&#8220;0&#8243; global_colors_info=&#8220;{}&#8220; header_2_font_size_last_edited=&#8220;on|phone&#8220; header_2_font_size_phone=&#8220;26px&#8220; sticky_enabled=&#8220;0&#8243; header_2_font_size_tablet=&#8220;38px&#8220;]<\/p>\n<h2>Deine Vorteile<\/h2>\n<p>[\/et_pb_text][\/et_pb_column][et_pb_column type=&#8220;2_3&#8243; _builder_version=&#8220;4.16&#8243; custom_padding=&#8220;|||&#8220; global_colors_info=&#8220;{}&#8220; custom_padding__hover=&#8220;|||&#8220;][et_pb_text _builder_version=&#8220;4.16&#8243; text_font=&#8220;PT Sans||||||||&#8220; text_text_color=&#8220;rgba(255,255,255,0.7)&#8220; text_font_size=&#8220;18px&#8220; text_line_height=&#8220;1.8em&#8220; header_font=&#8220;Poppins|500|||||||&#8220; header_text_color=&#8220;#ffffff&#8220; header_font_size=&#8220;44px&#8220; header_line_height=&#8220;1.3em&#8220; header_2_font=&#8220;||||||||&#8220; header_3_font=&#8220;||||||||&#8220; header_4_font=&#8220;||||||||&#8220; global_colors_info=&#8220;{}&#8220;]<\/p>\n<p>Als gesch\u00e4tzter SIGNL4-Partner genie\u00dft Ihr eine Reihe von Vorteilen, die Euch dabei helfen, neue Kunden zu gewinnen und SIGNL4 problemlos in Euer Angebotsportfolio aufzunehmen.<\/p>\n<p>[\/et_pb_text][\/et_pb_column][\/et_pb_row][et_pb_row column_structure=&#8220;1_3,1_3,1_3&#8243; _builder_version=&#8220;4.24.2&#8243; _module_preset=&#8220;default&#8220; custom_margin=&#8220;50px|auto||auto||&#8220; custom_padding=&#8220;0px||0px|||&#8220; global_colors_info=&#8220;{}&#8220;][et_pb_column type=&#8220;1_3&#8243; _builder_version=&#8220;4.24.2&#8243; _module_preset=&#8220;default&#8220; background_color=&#8220;#182534&#8243; custom_padding=&#8220;25px|25px|25px|25px|false|false&#8220; border_radii=&#8220;on|10px|10px|10px|10px&#8220; global_colors_info=&#8220;{}&#8220;][et_pb_text _builder_version=&#8220;4.24.2&#8243; _module_preset=&#8220;default&#8220; text_text_color=&#8220;#FFFFFF&#8220; header_4_text_color=&#8220;#FFFFFF&#8220; global_colors_info=&#8220;{}&#8220;]<\/p>\n<h4 class=\"p1\">Anteil an den Einnahmen<\/h4>\n<p class=\"p1\"><span>Genie\u00dft eine attraktive Umsatzbeteiligung an all Euren registrierten Leads, die zu Kunden werden<\/span><\/p>\n<p>[\/et_pb_text][\/et_pb_column][et_pb_column type=&#8220;1_3&#8243; _builder_version=&#8220;4.24.2&#8243; _module_preset=&#8220;default&#8220; background_color=&#8220;#182534&#8243; custom_padding=&#8220;25px|25px|25px|25px|false|false&#8220; border_radii=&#8220;on|10px|10px|10px|10px&#8220; global_colors_info=&#8220;{}&#8220;][et_pb_text _builder_version=&#8220;4.24.2&#8243; _module_preset=&#8220;default&#8220; text_text_color=&#8220;#FFFFFF&#8220; header_4_text_color=&#8220;#FFFFFF&#8220; global_colors_info=&#8220;{}&#8220;]<\/p>\n<h4 class=\"p1\">Freie NFR<\/h4>\n<p class=\"p1\"><span>Ihr erhaltet einen kostenlosen Account im Maximieren Plan f\u00fcr 10 Nutzer zum Testen und Ausprobieren<\/span><\/p>\n<p>[\/et_pb_text][\/et_pb_column][et_pb_column type=&#8220;1_3&#8243; _builder_version=&#8220;4.24.2&#8243; _module_preset=&#8220;default&#8220; background_color=&#8220;#182534&#8243; custom_padding=&#8220;25px|25px|25px|25px|false|false&#8220; border_radii=&#8220;on|10px|10px|10px|10px&#8220; global_colors_info=&#8220;{}&#8220;][et_pb_text _builder_version=&#8220;4.24.2&#8243; _module_preset=&#8220;default&#8220; text_text_color=&#8220;#FFFFFF&#8220; header_4_text_color=&#8220;#FFFFFF&#8220; global_colors_info=&#8220;{}&#8220;]<\/p>\n<h4 class=\"p1\">Einfache Handhabung<\/h4>\n<p class=\"p1\"><span>Problemlose Programmanmeldung, Lead-Registrierung mit einem Klick, Online-Lead-Management und Handhabung von Umsatzbeteiligungen<\/span><\/p>\n<p>[\/et_pb_text][\/et_pb_column][\/et_pb_row][et_pb_row column_structure=&#8220;1_3,2_3&#8243; _builder_version=&#8220;4.24.2&#8243; background_color=&#8220;#182534&#8243; custom_margin=&#8220;50px||||false|false&#8220; custom_padding=&#8220;50px|50px|50px|50px|false|false&#8220; border_radii=&#8220;on|25px|25px|25px|25px&#8220; global_colors_info=&#8220;{}&#8220;][et_pb_column type=&#8220;1_3&#8243; _builder_version=&#8220;4.16&#8243; custom_padding=&#8220;|||&#8220; global_colors_info=&#8220;{}&#8220; custom_padding__hover=&#8220;|||&#8220;][et_pb_text _builder_version=&#8220;4.27.4&#8243; text_font=&#8220;||||||||&#8220; header_font=&#8220;||||||||&#8220; header_2_font=&#8220;Poppins|500|||||||&#8220; header_2_font_size=&#8220;38px&#8220; header_2_line_height=&#8220;1.3em&#8220; header_3_font=&#8220;||||||||&#8220; header_4_font=&#8220;||||||||&#8220; background_layout=&#8220;dark&#8220; hover_enabled=&#8220;0&#8243; global_colors_info=&#8220;{}&#8220; header_2_font_size_last_edited=&#8220;on|phone&#8220; header_2_font_size_phone=&#8220;26px&#8220; sticky_enabled=&#8220;0&#8243; header_2_font_size_tablet=&#8220;38px&#8220;]<\/p>\n<h2>Heute beitreten<\/h2>\n<p>[\/et_pb_text][\/et_pb_column][et_pb_column type=&#8220;2_3&#8243; _builder_version=&#8220;4.16&#8243; custom_padding=&#8220;|||&#8220; global_colors_info=&#8220;{}&#8220; custom_padding__hover=&#8220;|||&#8220;][et_pb_text _builder_version=&#8220;4.24.3&#8243; text_font=&#8220;PT Sans||||||||&#8220; text_text_color=&#8220;rgba(255,255,255,0.7)&#8220; text_font_size=&#8220;18px&#8220; text_line_height=&#8220;1.8em&#8220; header_font=&#8220;Poppins|500|||||||&#8220; header_text_color=&#8220;#ffffff&#8220; header_font_size=&#8220;44px&#8220; header_line_height=&#8220;1.3em&#8220; header_2_font=&#8220;||||||||&#8220; header_3_font=&#8220;||||||||&#8220; header_4_font=&#8220;||||||||&#8220; global_colors_info=&#8220;{}&#8220;]<\/p>\n<ol>\n<li>Klicke auf die Schaltfl\u00e4che unten, um Dich per E-Mail f\u00fcr das Partnerprogramm zu bewerben. Bitte f\u00fcgen eine kurze Beschreibung Deines Unternehmens\/Deiner L\u00f6sung bei.<\/li>\n<li><span><span>Pr\u00fcfe und unterzeichne unsere Partnerprogrammvereinbarung elektronisch \u00fcber Docusign.<\/span><\/span>\u00a0<\/li>\n<li><span><span>Erstelle ein SIGNL4-Probekonto, das wir zu Deinem NFR-Account machen.<\/span><\/span>\u00a0<\/li>\n<li><span><span>Registriere Deine Leads \u00fcber den Empfehlungslink des SIGNL4 Webportals. Jedes SIGNL4-Abonnement, das \u00fcber diesen Link erstellt wird, wird mit Deinem Konto verkn\u00fcpft. Deine Leads\/Kunden k\u00f6nnen aber sp\u00e4ter auch mit Deinem Partnerkonto verkn\u00fcpft werden.<\/span><\/span>\u00a0<\/li>\n<li><span>Halte Deine Kunden bei Laune und genie\u00dfe die Vorteile und die viertelj\u00e4hrlich gezahlte Umsatzbeteiligung.<\/span><\/li>\n<\/ol>\n<p>[\/et_pb_text][et_pb_button button_url=&#8220;mailto:hello@signl4.com?subject=Partner%20Program%20Application&#8220; button_text=&#8220;Jetzt bewerben&#8220; button_alignment=&#8220;left&#8220; _builder_version=&#8220;4.27.4&#8243; custom_button=&#8220;on&#8220; button_text_size=&#8220;16px&#8220; button_text_color=&#8220;#ffffff&#8220; button_bg_color=&#8220;#000000&#8243; button_border_color=&#8220;#30AFE5&#8243; button_border_radius=&#8220;100px&#8220; button_font=&#8220;PT Sans|700|||||||&#8220; button_use_icon=&#8220;off&#8220; custom_margin=&#8220;|||&#8220; custom_padding=&#8220;10px|30px|10px|30px&#8220; hover_enabled=&#8220;0&#8243; box_shadow_style=&#8220;preset3&#8243; box_shadow_vertical=&#8220;8px&#8220; box_shadow_blur=&#8220;35px&#8220; box_shadow_color=&#8220;rgba(77,170,242,0.36)&#8220; global_colors_info=&#8220;{}&#8220; button_text_size__hover_enabled=&#8220;off&#8220; button_one_text_size__hover_enabled=&#8220;off&#8220; button_two_text_size__hover_enabled=&#8220;off&#8220; button_text_color__hover_enabled=&#8220;off&#8220; button_one_text_color__hover_enabled=&#8220;off&#8220; button_two_text_color__hover_enabled=&#8220;off&#8220; button_border_width__hover_enabled=&#8220;off&#8220; button_one_border_width__hover_enabled=&#8220;off&#8220; button_two_border_width__hover_enabled=&#8220;off&#8220; button_border_color__hover_enabled=&#8220;off&#8220; button_one_border_color__hover_enabled=&#8220;off&#8220; button_two_border_color__hover_enabled=&#8220;off&#8220; button_border_radius__hover_enabled=&#8220;off&#8220; button_one_border_radius__hover_enabled=&#8220;off&#8220; button_two_border_radius__hover_enabled=&#8220;off&#8220; button_letter_spacing__hover_enabled=&#8220;off&#8220; button_one_letter_spacing__hover_enabled=&#8220;off&#8220; button_two_letter_spacing__hover_enabled=&#8220;off&#8220; button_bg_color__hover_enabled=&#8220;off&#8220; button_one_bg_color__hover_enabled=&#8220;off&#8220; button_two_bg_color__hover_enabled=&#8220;off&#8220; button_alignment_last_edited=&#8220;on|phone&#8220; button_alignment_phone=&#8220;center&#8220; sticky_enabled=&#8220;0&#8243; button_alignment_tablet=&#8220;left&#8220;][\/et_pb_button][\/et_pb_column][\/et_pb_row][\/et_pb_section][et_pb_section fb_built=&#8220;1&#8243; prev_background_color=&#8220;#000000&#8243; _builder_version=&#8220;4.24.2&#8243; _module_preset=&#8220;default&#8220; background_color=&#8220;#131d29&#8243; custom_padding=&#8220;||0px|||&#8220; top_divider_style=&#8220;wave2&#8243; global_colors_info=&#8220;{}&#8220;][\/et_pb_section]<\/p>\n","protected":false},"excerpt":{"rendered":"<p>SIGNL4 Partner Programm Profitiere von einem etablierten und schnell wachsenden Produkt im Bereich der Automatisierung und Mobilit\u00e4tDeine VorteileAls gesch\u00e4tzter SIGNL4-Partner genie\u00dft Ihr eine Reihe von Vorteilen, die Euch dabei helfen, neue Kunden zu gewinnen und SIGNL4 problemlos in Euer Angebotsportfolio aufzunehmen.Anteil an den Einnahmen Genie\u00dft eine attraktive Umsatzbeteiligung an all Euren registrierten Leads, die zu [&hellip;]<\/p>\n","protected":false},"author":1,"featured_media":17614,"parent":0,"menu_order":0,"comment_status":"closed","ping_status":"closed","template":"","meta":{"_et_pb_use_builder":"on","_et_pb_old_content":"","_et_gb_content_width":"","_coblocks_attr":"","_coblocks_dimensions":"","_coblocks_responsive_height":"","_coblocks_accordion_ie_support":"","footnotes":""},"class_list":["post-18709","page","type-page","status-publish","has-post-thumbnail","hentry"],"yoast_head":"<!-- This site is optimized with the Yoast SEO Premium plugin v27.5 (Yoast SEO v27.5) - https:\/\/yoast.com\/product\/yoast-seo-premium-wordpress\/ -->\n<title>Partnerprogramm SIGNL4<\/title>\n<meta name=\"description\" content=\"Nimm an unserem Partnerprogramm teil und erweitere Dein Gesch\u00e4ft mit SIGNL4. Erziele Einnahmen, erhalte eine kostenlose Demolizenz und optimiere das Lead-Management.\" \/>\n<meta name=\"robots\" content=\"index, follow, max-snippet:-1, max-image-preview:large, max-video-preview:-1\" \/>\n<link rel=\"canonical\" href=\"https:\/\/www.signl4.com\/de\/partnerprogramm\/\" \/>\n<meta property=\"og:locale\" content=\"de_DE\" \/>\n<meta property=\"og:type\" content=\"article\" \/>\n<meta property=\"og:title\" content=\"Partnerprogramm\" \/>\n<meta property=\"og:description\" content=\"Nimm an unserem Partnerprogramm teil und erweitere Dein Gesch\u00e4ft mit SIGNL4. Erziele Einnahmen, erhalte eine kostenlose Demolizenz und optimiere das Lead-Management.\" \/>\n<meta property=\"og:url\" content=\"https:\/\/www.signl4.com\/de\/partnerprogramm\/\" \/>\n<meta property=\"og:site_name\" content=\"DERDACK SIGNL4\" \/>\n<meta property=\"article:modified_time\" content=\"2025-09-05T14:12:13+00:00\" \/>\n<meta property=\"og:image\" content=\"https:\/\/www.signl4.com\/wp-content\/uploads\/2019\/06\/referrals.jpg\" \/>\n\t<meta property=\"og:image:width\" content=\"1200\" \/>\n\t<meta property=\"og:image:height\" content=\"600\" \/>\n\t<meta property=\"og:image:type\" content=\"image\/jpeg\" \/>\n<meta name=\"twitter:card\" content=\"summary_large_image\" \/>\n<meta name=\"twitter:label1\" content=\"Gesch\u00e4tzte Lesezeit\" \/>\n\t<meta name=\"twitter:data1\" content=\"1\u00a0Minute\" \/>\n<script type=\"application\/ld+json\" class=\"yoast-schema-graph\">{\"@context\":\"https:\\\/\\\/schema.org\",\"@graph\":[{\"@type\":\"WebPage\",\"@id\":\"https:\\\/\\\/www.signl4.com\\\/de\\\/partnerprogramm\\\/\",\"url\":\"https:\\\/\\\/www.signl4.com\\\/de\\\/partnerprogramm\\\/\",\"name\":\"Partnerprogramm SIGNL4\",\"isPartOf\":{\"@id\":\"https:\\\/\\\/www.signl4.com\\\/de\\\/#website\"},\"primaryImageOfPage\":{\"@id\":\"https:\\\/\\\/www.signl4.com\\\/de\\\/partnerprogramm\\\/#primaryimage\"},\"image\":{\"@id\":\"https:\\\/\\\/www.signl4.com\\\/de\\\/partnerprogramm\\\/#primaryimage\"},\"thumbnailUrl\":\"https:\\\/\\\/www.signl4.com\\\/wp-content\\\/uploads\\\/2019\\\/06\\\/referrals.jpg\",\"datePublished\":\"2024-03-26T11:50:01+00:00\",\"dateModified\":\"2025-09-05T14:12:13+00:00\",\"description\":\"Nimm an unserem Partnerprogramm teil und erweitere Dein Gesch\u00e4ft mit SIGNL4. Erziele Einnahmen, erhalte eine kostenlose Demolizenz und optimiere das Lead-Management.\",\"breadcrumb\":{\"@id\":\"https:\\\/\\\/www.signl4.com\\\/de\\\/partnerprogramm\\\/#breadcrumb\"},\"inLanguage\":\"de\",\"potentialAction\":[{\"@type\":\"ReadAction\",\"target\":[\"https:\\\/\\\/www.signl4.com\\\/de\\\/partnerprogramm\\\/\"]}]},{\"@type\":\"ImageObject\",\"inLanguage\":\"de\",\"@id\":\"https:\\\/\\\/www.signl4.com\\\/de\\\/partnerprogramm\\\/#primaryimage\",\"url\":\"https:\\\/\\\/www.signl4.com\\\/wp-content\\\/uploads\\\/2019\\\/06\\\/referrals.jpg\",\"contentUrl\":\"https:\\\/\\\/www.signl4.com\\\/wp-content\\\/uploads\\\/2019\\\/06\\\/referrals.jpg\",\"width\":1200,\"height\":600,\"caption\":\"SIGNL4 Referral Partner Program\"},{\"@type\":\"BreadcrumbList\",\"@id\":\"https:\\\/\\\/www.signl4.com\\\/de\\\/partnerprogramm\\\/#breadcrumb\",\"itemListElement\":[{\"@type\":\"ListItem\",\"position\":1,\"name\":\"Home\",\"item\":\"https:\\\/\\\/www.signl4.com\\\/de\\\/\"},{\"@type\":\"ListItem\",\"position\":2,\"name\":\"Partnerprogramm\"}]},{\"@type\":\"WebSite\",\"@id\":\"https:\\\/\\\/www.signl4.com\\\/de\\\/#website\",\"url\":\"https:\\\/\\\/www.signl4.com\\\/de\\\/\",\"name\":\"DERDACK SIGNL4 - Mobile Alerting and Anywhere Incident Management\",\"description\":\"Mobile Alerting and Anywhere Incident Management\",\"publisher\":{\"@id\":\"https:\\\/\\\/www.signl4.com\\\/de\\\/#organization\"},\"alternateName\":\"DERDACK SIGNL4\",\"potentialAction\":[{\"@type\":\"SearchAction\",\"target\":{\"@type\":\"EntryPoint\",\"urlTemplate\":\"https:\\\/\\\/www.signl4.com\\\/de\\\/?s={search_term_string}\"},\"query-input\":{\"@type\":\"PropertyValueSpecification\",\"valueRequired\":true,\"valueName\":\"search_term_string\"}}],\"inLanguage\":\"de\"},{\"@type\":\"Organization\",\"@id\":\"https:\\\/\\\/www.signl4.com\\\/de\\\/#organization\",\"name\":\"Derdack GmbH\",\"alternateName\":\"Derdack Corp\",\"url\":\"https:\\\/\\\/www.signl4.com\\\/de\\\/\",\"logo\":{\"@type\":\"ImageObject\",\"inLanguage\":\"de\",\"@id\":\"https:\\\/\\\/www.signl4.com\\\/de\\\/#\\\/schema\\\/logo\\\/image\\\/\",\"url\":\"https:\\\/\\\/www.signl4.com\\\/wp-content\\\/uploads\\\/2022\\\/05\\\/SIGNL4_Logo_rounded_neu.png\",\"contentUrl\":\"https:\\\/\\\/www.signl4.com\\\/wp-content\\\/uploads\\\/2022\\\/05\\\/SIGNL4_Logo_rounded_neu.png\",\"width\":1000,\"height\":500,\"caption\":\"Derdack GmbH\"},\"image\":{\"@id\":\"https:\\\/\\\/www.signl4.com\\\/de\\\/#\\\/schema\\\/logo\\\/image\\\/\"},\"description\":\"Derdack is a bootstrapped innovator in alert management, communication automation and incident management. SIGNL4 is our SaaS product, empowering operations teams with mobile alerting and anywhere incident management.\",\"email\":\"hello@signl4.com\",\"legalName\":\"Derdack GmbH\"}]}<\/script>\n<!-- \/ Yoast SEO Premium plugin. -->","yoast_head_json":{"title":"Partnerprogramm SIGNL4","description":"Nimm an unserem Partnerprogramm teil und erweitere Dein Gesch\u00e4ft mit SIGNL4. Erziele Einnahmen, erhalte eine kostenlose Demolizenz und optimiere das Lead-Management.","robots":{"index":"index","follow":"follow","max-snippet":"max-snippet:-1","max-image-preview":"max-image-preview:large","max-video-preview":"max-video-preview:-1"},"canonical":"https:\/\/www.signl4.com\/de\/partnerprogramm\/","og_locale":"de_DE","og_type":"article","og_title":"Partnerprogramm","og_description":"Nimm an unserem Partnerprogramm teil und erweitere Dein Gesch\u00e4ft mit SIGNL4. Erziele Einnahmen, erhalte eine kostenlose Demolizenz und optimiere das Lead-Management.","og_url":"https:\/\/www.signl4.com\/de\/partnerprogramm\/","og_site_name":"DERDACK SIGNL4","article_modified_time":"2025-09-05T14:12:13+00:00","og_image":[{"width":1200,"height":600,"url":"https:\/\/www.signl4.com\/wp-content\/uploads\/2019\/06\/referrals.jpg","type":"image\/jpeg"}],"twitter_card":"summary_large_image","twitter_misc":{"Gesch\u00e4tzte Lesezeit":"1\u00a0Minute"},"schema":{"@context":"https:\/\/schema.org","@graph":[{"@type":"WebPage","@id":"https:\/\/www.signl4.com\/de\/partnerprogramm\/","url":"https:\/\/www.signl4.com\/de\/partnerprogramm\/","name":"Partnerprogramm SIGNL4","isPartOf":{"@id":"https:\/\/www.signl4.com\/de\/#website"},"primaryImageOfPage":{"@id":"https:\/\/www.signl4.com\/de\/partnerprogramm\/#primaryimage"},"image":{"@id":"https:\/\/www.signl4.com\/de\/partnerprogramm\/#primaryimage"},"thumbnailUrl":"https:\/\/www.signl4.com\/wp-content\/uploads\/2019\/06\/referrals.jpg","datePublished":"2024-03-26T11:50:01+00:00","dateModified":"2025-09-05T14:12:13+00:00","description":"Nimm an unserem Partnerprogramm teil und erweitere Dein Gesch\u00e4ft mit SIGNL4. Erziele Einnahmen, erhalte eine kostenlose Demolizenz und optimiere das Lead-Management.","breadcrumb":{"@id":"https:\/\/www.signl4.com\/de\/partnerprogramm\/#breadcrumb"},"inLanguage":"de","potentialAction":[{"@type":"ReadAction","target":["https:\/\/www.signl4.com\/de\/partnerprogramm\/"]}]},{"@type":"ImageObject","inLanguage":"de","@id":"https:\/\/www.signl4.com\/de\/partnerprogramm\/#primaryimage","url":"https:\/\/www.signl4.com\/wp-content\/uploads\/2019\/06\/referrals.jpg","contentUrl":"https:\/\/www.signl4.com\/wp-content\/uploads\/2019\/06\/referrals.jpg","width":1200,"height":600,"caption":"SIGNL4 Referral Partner Program"},{"@type":"BreadcrumbList","@id":"https:\/\/www.signl4.com\/de\/partnerprogramm\/#breadcrumb","itemListElement":[{"@type":"ListItem","position":1,"name":"Home","item":"https:\/\/www.signl4.com\/de\/"},{"@type":"ListItem","position":2,"name":"Partnerprogramm"}]},{"@type":"WebSite","@id":"https:\/\/www.signl4.com\/de\/#website","url":"https:\/\/www.signl4.com\/de\/","name":"DERDACK SIGNL4 - Mobile Alerting and Anywhere Incident Management","description":"Mobile Alerting and Anywhere Incident Management","publisher":{"@id":"https:\/\/www.signl4.com\/de\/#organization"},"alternateName":"DERDACK SIGNL4","potentialAction":[{"@type":"SearchAction","target":{"@type":"EntryPoint","urlTemplate":"https:\/\/www.signl4.com\/de\/?s={search_term_string}"},"query-input":{"@type":"PropertyValueSpecification","valueRequired":true,"valueName":"search_term_string"}}],"inLanguage":"de"},{"@type":"Organization","@id":"https:\/\/www.signl4.com\/de\/#organization","name":"Derdack GmbH","alternateName":"Derdack Corp","url":"https:\/\/www.signl4.com\/de\/","logo":{"@type":"ImageObject","inLanguage":"de","@id":"https:\/\/www.signl4.com\/de\/#\/schema\/logo\/image\/","url":"https:\/\/www.signl4.com\/wp-content\/uploads\/2022\/05\/SIGNL4_Logo_rounded_neu.png","contentUrl":"https:\/\/www.signl4.com\/wp-content\/uploads\/2022\/05\/SIGNL4_Logo_rounded_neu.png","width":1000,"height":500,"caption":"Derdack GmbH"},"image":{"@id":"https:\/\/www.signl4.com\/de\/#\/schema\/logo\/image\/"},"description":"Derdack is a bootstrapped innovator in alert management, communication automation and incident management. SIGNL4 is our SaaS product, empowering operations teams with mobile alerting and anywhere incident management.","email":"hello@signl4.com","legalName":"Derdack GmbH"}]}},"_links":{"self":[{"href":"https:\/\/www.signl4.com\/de\/wp-json\/wp\/v2\/pages\/18709","targetHints":{"allow":["GET"]}}],"collection":[{"href":"https:\/\/www.signl4.com\/de\/wp-json\/wp\/v2\/pages"}],"about":[{"href":"https:\/\/www.signl4.com\/de\/wp-json\/wp\/v2\/types\/page"}],"author":[{"embeddable":true,"href":"https:\/\/www.signl4.com\/de\/wp-json\/wp\/v2\/users\/1"}],"replies":[{"embeddable":true,"href":"https:\/\/www.signl4.com\/de\/wp-json\/wp\/v2\/comments?post=18709"}],"version-history":[{"count":13,"href":"https:\/\/www.signl4.com\/de\/wp-json\/wp\/v2\/pages\/18709\/revisions"}],"predecessor-version":[{"id":30469,"href":"https:\/\/www.signl4.com\/de\/wp-json\/wp\/v2\/pages\/18709\/revisions\/30469"}],"wp:featuredmedia":[{"embeddable":true,"href":"https:\/\/www.signl4.com\/de\/wp-json\/wp\/v2\/media\/17614"}],"wp:attachment":[{"href":"https:\/\/www.signl4.com\/de\/wp-json\/wp\/v2\/media?parent=18709"}],"curies":[{"name":"wp","href":"https:\/\/api.w.org\/{rel}","templated":true}]}}